{"id":1053,"date":"2022-02-17T13:19:46","date_gmt":"2022-02-17T13:19:46","guid":{"rendered":"https:\/\/www.backup-experten.com\/?page_id=1053"},"modified":"2022-04-05T13:36:43","modified_gmt":"2022-04-05T13:36:43","slug":"startseite","status":"publish","type":"page","link":"https:\/\/www.backup-experten.com\/","title":{"rendered":"Startseite"},"content":{"rendered":"<p><h1 style=\"text-align: center;font-size: 100px;letter-spacing: 0px;text-transform: None;font-family: Arimo;font-weight: Normal;line-height: 62px\" class=\"ub_advanced_heading wp-block-ub-advanced-heading\" id=\"ub-advanced-heading-fde4e6fb-b08c-4e1b-a6da-9dc6092ecb05\" data-blockid=\"fde4e6fb-b08c-4e1b-a6da-9dc6092ecb05\"><strong><span style=\"color:#f4060a\" class=\"has-inline-color\">33,6 Mrd. \u20ac<\/span><\/strong><\/h1><\/p>\n<p><\/p>\n<h2 class=\"has-text-align-center wp-block-heading\">kosten Datenverluste deutsche Unternehmen j\u00e4hrlich<\/h2>\n<p><\/p>\n<p><\/p>\n<p>Backup-experten.com eine Marke der edvXpert GmbH sch\u00fctzt die Unternehmensdaten ihrer Kunden &#8211; mit professionellen Backups:<\/p>\n<p><\/p>\n<p><\/p>\n<ul>\n<li>Unschlagbares Preis-Leistungs-Verh\u00e4ltnis <\/li>\n<li>Regelm\u00e4\u00dfige Backups mit einfachem Restore<\/li>\n<li>100% Datenschutz und Sicherheit<\/li>\n<li>Kontaktieren Sie uns wir bieten Ihnen das beste Backup!<\/li>\n<\/ul>\n<p><\/p>\n<p><\/p>\n<p><\/p>\n<p><\/p>\n<p><\/p>\n<p><\/p>\n<h2 class=\"has-text-align-center wp-block-heading\"><span style=\"color:#f5bf0d\" class=\"has-inline-color\">Warum kein Unternehmen auf Backups verzichten darf:<\/span><\/h2>\n<p><\/p>\n<p><\/p>\n<h2 class=\"has-text-align-center wp-block-heading\"><span style=\"color:#f5bf0d\" class=\"has-inline-color\">die 10 gr\u00f6\u00dften Bedrohungen f\u00fcr Ihre Daten<\/span><\/h2>\n<p><\/p>\n<p><\/p>\n<p>Daten sind das Gold des 21. Jahrhunderts. Gerade deshalb sind sie immer vielf\u00e4ltigeren Bedrohungen ausgesetzt \u2013 sowohl inner- als auch au\u00dferhalb des Unternehmens. Wir geben Ihnen hier einen \u00dcberblick \u00fcber die g\u00e4ngigsten Gefahren f\u00fcr Daten an die Hand:<\/p>\n<p><\/p>\n<p><\/p>\n<h4 class=\"wp-block-heading\">1. Ignoranz<\/h4>\n<p><\/p>\n<p><\/p>\n<p>Klingt banal, ist es aber nicht: Wenn Entscheider die Notwendigkeit professioneller Backups nicht erkennen, sind Gesch\u00e4ftsdaten permanent in Gefahr. Denn praktisch jedes Unternehmen wird fr\u00fcher oder sp\u00e4ter Daten verlieren &#8211; die Frage ist nur, in welchem Ausma\u00df<\/p>\n<p><\/p>\n<p><\/p>\n<h4 class=\"wp-block-heading\">2. <strong>Investitionsverdrossenheit<\/strong><\/h4>\n<p><\/p>\n<p><\/p>\n<p>Veraltete Software erh\u00f6ht das Risiko von Datenverlusten signifikant. Denn: Werden Systeme nicht regelm\u00e4\u00dfig mit den neuesten Updates versorgt, steigt damit auch die Gefahr eines Zusammenbruchs immens. Zudem ist \u00fcberholte Software ein willkommenes Einfallstor f\u00fcr erfolgreiche Hackerangriffe.<\/p>\n<p><\/p>\n<p><\/p>\n<h4 class=\"wp-block-heading\">3. <strong>Menschliches Versagen<\/strong><\/h4>\n<p><\/p>\n<p><\/p>\n<p>Jeder hat schon einmal aus Versehen Daten gel\u00f6scht, die er sp\u00e4ter noch h\u00e4tte gebrauchen k\u00f6nnen. Was im privaten Kontext vorkommt, kann genauso gut auch auf der Arbeit passieren. Mit einer durchdachten Backup-Strategie sichern Sie sich gegen solche Vorf\u00e4lle ab.<\/p>\n<p><\/p>\n<p><\/p>\n<h4 class=\"wp-block-heading\">4. <strong>Vors\u00e4tzliche L\u00f6schung<\/strong><\/h4>\n<p><\/p>\n<p><\/p>\n<p>Neben der versehentlichen L\u00f6schung gibt es auch die mutwillige Zerst\u00f6rung von Daten. Es kommt immer wieder vor, dass sich entlassene Mitarbeiter am Unternehmen r\u00e4chen wollen. Je mehr Zugriff die betreffende Person dabei auf wichtige Daten hatte, desto gr\u00f6\u00dfer wird das Risiko f\u00fcr das Unternehmen.<\/p>\n<p><\/p>\n<p><\/p>\n<h4 class=\"wp-block-heading\">5. <strong>Diebstahl<\/strong><\/h4>\n<p><\/p>\n<p><\/p>\n<p>Auch wenn es sich bei Daten nicht um physische Gegenst\u00e4nde handelt, sind diese nat\u00fcrlich trotzdem nicht gegen Diebstahl immun. Es muss dabei noch nicht einmal der abtr\u00fcnnige Mitarbeiter sein, der vertrauliche Informationen zum Wettbewerber mitnimmt. Auch ein verlorengegangener bzw. entwendeter Rechner oder USB-Stick kann gro\u00dfen Schaden anrichten.<\/p>\n<p><\/p>\n<p><\/p>\n<h4 class=\"wp-block-heading\">6. <strong>Ransomware<\/strong><\/h4>\n<p><\/p>\n<p><\/p>\n<p>Bei einem Ransomware-Angriff werden Daten oder Ger\u00e4te verschl\u00fcsselt und nur gegen Zahlung eines L\u00f6segelds wieder freigeschaltet. Diese Form der Cyberkriminalit\u00e4t w\u00e4chst weiterhin drastisch; Rund ein Drittel der deutschen Unternehmen mit einem Umsatz bis 3 Milliarden Euro war schon einmal von einem Ransomware-Angriff betroffen &#8211; erschreckend und Tendenz steigend.<\/p>\n<p><\/p>\n<p><\/p>\n<h4 class=\"wp-block-heading\">7. <strong>Sonstige Hackerangriffe<\/strong><\/h4>\n<p><\/p>\n<p><\/p>\n<p>Neben Ransomware gibt es nat\u00fcrlich noch zahlreiche andere Trojaner, W\u00fcrmer oder Viren, die Ihre IT-Infrastruktur lahmlegen k\u00f6nnen. Auch hier empfiehlt es sich, regelm\u00e4\u00dfige Datensicherungen zu erstellen, um den Gesch\u00e4ftsbetrieb im Ernstfall rasch fortsetzen zu k\u00f6nnen.<\/p>\n<p><\/p>\n<p><\/p>\n<h4 class=\"wp-block-heading\">8. <strong>Technisches Versagen<\/strong><\/h4>\n<p><\/p>\n<p><\/p>\n<p>Trotz ausgefeilter Technologien lassen sich auch im 21. Jahrhundert Datenverluste durch technische Fehler nicht ganz vermeiden. Mit einer fundierten Backup-Strategie, die unterschiedliche Speicherorte und -medien ber\u00fccksichtigt, verhindern Sie, dass dabei gesch\u00e4ftskritische Daten verschwinden.<\/p>\n<p><\/p>\n<p><\/p>\n<h4 class=\"wp-block-heading\">9. <strong>Fehlerhafte Backup-Strategien<\/strong><\/h4>\n<p><\/p>\n<p><\/p>\n<p>Selbst wenn Daten gesichert werden, garantiert das noch nicht die Verf\u00fcgbarkeit derselben. Denn auch ein Backup kann verloren gehen oder unvollst\u00e4ndig sein. In der Praxis hat sich daher die 3-2-1-Regel durchgesetzt: Erstellen Sie drei Kopien auf zwei unterschiedlichen Speichermedienarten und lagern Sie mindestens eines davon an einem Offsite-Speicherort (z.B. in der Cloud).<\/p>\n<p><\/p>\n<p><\/p>\n<h4 class=\"wp-block-heading\">10. <strong>Elementargewalten<\/strong><\/h4>\n<p><\/p>\n<p><\/p>\n<p>Zuletzt k\u00f6nnen Sie Ihre Daten auch infolge einer Naturkatastrophe verlieren, beispielsweise durch Br\u00e4nde, \u00dcberschwemmungen oder Sturmsch\u00e4den. Dies muss nicht zwangsl\u00e4ufig im Unternehmen geschehen \u2013 auch Rechenzentren k\u00f6nnen hiervon betroffen sein. Umso wichtiger ist es, verschiedene Standorte f\u00fcr die Sicherung auszuw\u00e4hlen.<\/p>\n<p><\/p>\n<p><\/p>\n<p><\/p>\n<p><\/p>\n<h2 class=\"has-text-align-center wp-block-heading\"><span style=\"color:#f4060a\" class=\"has-inline-color\">Fazit: Kein Backup, kein Mitleid<\/span><\/h2>\n<p><\/p>\n<p><\/p>\n<p>Sch\u00fctzen Sie Ihre Daten vor diesen Bedrohungen! Sichern Sie virtuelle Maschinen, Endpoints, Server, Workstations oder Microsoft 365-Daten regelm\u00e4\u00dfig nach dem Gro\u00dfvater-Vater-Sohn-Prinzip und beachten Sie dabei die 3-2-1-Regel.<\/p>\n<p><\/p>\n<p><\/p>\n<p>Wir von den backup-experten.combieten Ihnen sowohl unsere MANAGED BACKUP PAKETE als auch unsere MANAGED SICHERHEITS-L\u00d6SUNGEN an. Zum Schutz vor solchen Gefahren empfehlen wir neben aktuellen Virenscannern und Firewalls auch die Nutzung sicherer Hardware wie verschl\u00fcsselten Festplatten und USB-Sticks, sowie die Verwendung von Fingerabdruckscannern und Security-Token. Wir \u00fcbernehmen gerne die t\u00e4gliche \u00dcberwachung Ihrer Datensicherung. Sch\u00fctzen Sie Ihr kostbares Firmenwissen und die Kundendaten, auch unter Beachtung der DSGVO.<\/p>\n<p><\/p>\n<p><\/p>\n<p>Profitieren Sie von unseren erfahrenen und kompetenten Spezialisten \u2013 wir bieten Ihnen ein qualitativ hochwertiges IT-Sicherheitskonzept aus einer Hand.<\/p>\n<p><\/p>\n<p><\/p>\n<p>Wir beraten Sie gerne!<\/p>\n<p><\/p>\n","protected":false},"excerpt":{"rendered":"<p>kosten Datenverluste deutsche Unternehmen j\u00e4hrlich Backup-experten.com eine Marke der edvXpert GmbH sch\u00fctzt die Unternehmensdaten ihrer Kunden &#8211; mit professionellen Backups: Unschlagbares Preis-Leistungs-Verh\u00e4ltnis Regelm\u00e4\u00dfige Backups mit einfachem Restore 100% Datenschutz und Sicherheit Kontaktieren Sie uns wir bieten Ihnen das beste Backup!<\/p>\n","protected":false},"author":1,"featured_media":0,"parent":0,"menu_order":0,"comment_status":"closed","ping_status":"closed","template":"","meta":{"footnotes":""},"featured_image_src":null,"_links":{"self":[{"href":"https:\/\/www.backup-experten.com\/index.php\/wp-json\/wp\/v2\/pages\/1053"}],"collection":[{"href":"https:\/\/www.backup-experten.com\/index.php\/wp-json\/wp\/v2\/pages"}],"about":[{"href":"https:\/\/www.backup-experten.com\/index.php\/wp-json\/wp\/v2\/types\/page"}],"author":[{"embeddable":true,"href":"https:\/\/www.backup-experten.com\/index.php\/wp-json\/wp\/v2\/users\/1"}],"replies":[{"embeddable":true,"href":"https:\/\/www.backup-experten.com\/index.php\/wp-json\/wp\/v2\/comments?post=1053"}],"version-history":[{"count":10,"href":"https:\/\/www.backup-experten.com\/index.php\/wp-json\/wp\/v2\/pages\/1053\/revisions"}],"predecessor-version":[{"id":1077,"href":"https:\/\/www.backup-experten.com\/index.php\/wp-json\/wp\/v2\/pages\/1053\/revisions\/1077"}],"wp:attachment":[{"href":"https:\/\/www.backup-experten.com\/index.php\/wp-json\/wp\/v2\/media?parent=1053"}],"curies":[{"name":"wp","href":"https:\/\/api.w.org\/{rel}","templated":true}]}}